{"id":2543,"date":"2019-06-21T08:21:44","date_gmt":"2019-06-21T06:21:44","guid":{"rendered":"http:\/\/www.padoan.it\/catalogo\/"},"modified":"2021-10-05T10:27:25","modified_gmt":"2021-10-05T08:27:25","slug":"kataloge","status":"publish","type":"page","link":"https:\/\/www.padoan.it\/de\/kataloge\/","title":{"rendered":"Kataloge"},"content":{"rendered":"<div class=\"row d-flex align-items-self\">\n<div class=\"col-md-12\">\n<p>Padoan hat dank seiner mehr als 80-j\u00e4hrigen Erfahrung auf dem Markt eine breite Palette von Tanks f\u00fcr Industriefahrzeuge und Maschinen entwickelt.<br \/>\nIm Katalog sind verschiedene Arten von Produkten aufgef\u00fchrt: \u00d6ltanks, Dieseltanks und Kombitanks. Alle Tanks f\u00fcr Industriefahrzeuge und Maschinen werden aus erstklassigen Materialien hergestellt: Aluminium, lackierter Stahl (RAL 7021 Epoxidpulverbeschichtung) und Edelstahl.<\/p>\n<p>Padoan bietet nicht nur Standardtanks an, sondern auch ma\u00dfgeschneiderte L\u00f6sungen, die von unserer Abteilung f\u00fcr Forschung und Entwicklung konzipiert wurden, um den technischen Anforderungen jeder Kundenanwendung zu entsprechen.<\/p>\n<p>Au\u00dfer den Tanks f\u00fcr Industriefahrzeuge und Maschinen ist verschiedenes Zubeh\u00f6r f\u00fcr Hydraulik-Tanks und Dieseltanks in unserem Katalog erh\u00e4ltlich. Zum Beispiel:<\/p>\n<ul>\n<li><strong><a href=\"\/de\/macrocategory\/oil-de\/\" target=\"_blank\" rel=\"noopener noreferrer\">Zubeh\u00f6r f\u00fcr \u00d6ltanks:<\/a><\/strong>\u00a0Filter und Deckel, F\u00fcllstandanzeiger, Kugelh\u00e4hne, Schlauchanschl\u00fcsse, Rohrverbindungen, Adapter und Verschmutzungsanzeigen.<\/li>\n<li><strong><a href=\"\/de\/macrocategory\/diesel-de\/\" target=\"_blank\" rel=\"noopener noreferrer\">Zubeh\u00f6r f\u00fcr Dieseltanks<\/a><\/strong>: verschlie\u00dfbarer Deckel mit Spritzschutz, allgemeine F\u00fcllstandanzeiger f\u00fcr viele Fahrzeuge auf dem Markt, Kabinenanzeiger und Anschlussbausatz.<\/li>\n<\/ul>\n<p>Wenn Sie keine L\u00f6sung f\u00fcr Ihre Bed\u00fcrfnisse finden konnten, kontaktieren Sie uns, um mehr \u00fcber unsere Sonderanfertigungen zu erfahren.<\/p>\n<\/div>\n<\/div>\n","protected":false},"excerpt":{"rendered":"<p>Padoan hat dank seiner mehr als 80-j\u00e4hrigen Erfahrung auf dem Markt eine breite Palette von Tanks f\u00fcr Industriefahrzeuge und Maschinen entwickelt. Im Katalog sind verschiedene Arten von Produkten aufgef\u00fchrt: \u00d6ltanks, Dieseltanks und Kombitanks. Alle Tanks f\u00fcr Industriefahrzeuge und Maschinen werden aus erstklassigen Materialien hergestellt: Aluminium, lackierter Stahl (RAL 7021 Epoxidpulverbeschichtung) und Edelstahl. Padoan bietet nicht [&hellip;]<\/p>\n","protected":false},"author":1,"featured_media":0,"parent":0,"menu_order":0,"comment_status":"closed","ping_status":"closed","template":"page-catalogue.php","meta":[],"acf":[],"_links":{"self":[{"href":"https:\/\/www.padoan.it\/de\/wp-json\/wp\/v2\/pages\/2543"}],"collection":[{"href":"https:\/\/www.padoan.it\/de\/wp-json\/wp\/v2\/pages"}],"about":[{"href":"https:\/\/www.padoan.it\/de\/wp-json\/wp\/v2\/types\/page"}],"author":[{"embeddable":true,"href":"https:\/\/www.padoan.it\/de\/wp-json\/wp\/v2\/users\/1"}],"replies":[{"embeddable":true,"href":"https:\/\/www.padoan.it\/de\/wp-json\/wp\/v2\/comments?post=2543"}],"version-history":[{"count":17,"href":"https:\/\/www.padoan.it\/de\/wp-json\/wp\/v2\/pages\/2543\/revisions"}],"predecessor-version":[{"id":7404,"href":"https:\/\/www.padoan.it\/de\/wp-json\/wp\/v2\/pages\/2543\/revisions\/7404"}],"wp:attachment":[{"href":"https:\/\/www.padoan.it\/de\/wp-json\/wp\/v2\/media?parent=2543"}],"curies":[{"name":"wp","href":"https:\/\/api.w.org\/{rel}","templated":true}]}}