{"id":37464,"date":"2025-12-01T15:41:58","date_gmt":"2025-12-01T14:41:58","guid":{"rendered":"http:\/\/www.padoan.it\/?page_id=37464"},"modified":"2025-12-01T15:41:58","modified_gmt":"2025-12-01T14:41:58","slug":"segmentierung","status":"publish","type":"page","link":"https:\/\/www.padoan.it\/de\/segmentierung\/","title":{"rendered":"Segmentierung"},"content":{"rendered":"<p>Nutzen Sie die Vorteile umfassender L\u00f6sungen, die speziell auf die Anforderungen einiger der wichtigsten Anwendungen und Systeme zugeschnitten sind.<br \/>\nDie L\u00f6sungen werden von unserer Forschungs- und Entwicklungsabteilung entwickelt und erg\u00e4nzen den Standardkatalog von Padoan.<\/p>\n","protected":false},"excerpt":{"rendered":"<p>Nutzen Sie die Vorteile umfassender L\u00f6sungen, die speziell auf die Anforderungen einiger der wichtigsten Anwendungen und Systeme zugeschnitten sind. Die L\u00f6sungen werden von unserer Forschungs- und Entwicklungsabteilung entwickelt und erg\u00e4nzen den Standardkatalog von Padoan.<\/p>\n","protected":false},"author":3,"featured_media":0,"parent":0,"menu_order":0,"comment_status":"closed","ping_status":"closed","template":"page-segmentation.php","meta":[],"acf":[],"_links":{"self":[{"href":"https:\/\/www.padoan.it\/de\/wp-json\/wp\/v2\/pages\/37464"}],"collection":[{"href":"https:\/\/www.padoan.it\/de\/wp-json\/wp\/v2\/pages"}],"about":[{"href":"https:\/\/www.padoan.it\/de\/wp-json\/wp\/v2\/types\/page"}],"author":[{"embeddable":true,"href":"https:\/\/www.padoan.it\/de\/wp-json\/wp\/v2\/users\/3"}],"replies":[{"embeddable":true,"href":"https:\/\/www.padoan.it\/de\/wp-json\/wp\/v2\/comments?post=37464"}],"version-history":[{"count":1,"href":"https:\/\/www.padoan.it\/de\/wp-json\/wp\/v2\/pages\/37464\/revisions"}],"predecessor-version":[{"id":37465,"href":"https:\/\/www.padoan.it\/de\/wp-json\/wp\/v2\/pages\/37464\/revisions\/37465"}],"wp:attachment":[{"href":"https:\/\/www.padoan.it\/de\/wp-json\/wp\/v2\/media?parent=37464"}],"curies":[{"name":"wp","href":"https:\/\/api.w.org\/{rel}","templated":true}]}}