{"id":7408,"date":"2020-09-23T15:20:44","date_gmt":"2020-09-23T13:20:44","guid":{"rendered":"http:\/\/www.padoan.it\/virtual-showroom\/"},"modified":"2021-10-05T11:45:29","modified_gmt":"2021-10-05T09:45:29","slug":"virtueller-showroom","status":"publish","type":"page","link":"https:\/\/www.padoan.it\/de\/virtueller-showroom\/","title":{"rendered":"Virtueller showroom"},"content":{"rendered":"<h4 style=\"font-size: 3.5rem; font-weight: 600; line-height: 3.1rem; color: #ee7623;margin-bottom: 2rem !important;\">Das neue digitale Erlebnis.<\/h4>\n<p>Die L\u00f6sungen von Padoan stehen auf unserer neuen Plattform f\u00fcr Sie zur Verf\u00fcgung. <strong>Jeden Tag, zu jeder Zeit, \u00fcberall<\/strong>.<br \/>\n<strong>So kommen Sie noch n\u00e4her<\/strong> an <strong>die Welt von Padoan<\/strong>, um Ihre <strong>Ziele noch einfacher zu erreichen<\/strong>.<\/p>\n","protected":false},"excerpt":{"rendered":"<p>Das neue digitale Erlebnis. Die L\u00f6sungen von Padoan stehen auf unserer neuen Plattform f\u00fcr Sie zur Verf\u00fcgung. Jeden Tag, zu jeder Zeit, \u00fcberall. So kommen Sie noch n\u00e4her an die Welt von Padoan, um Ihre Ziele noch einfacher zu erreichen.<\/p>\n","protected":false},"author":3,"featured_media":0,"parent":0,"menu_order":0,"comment_status":"closed","ping_status":"closed","template":"page-virtual-showroom.php","meta":[],"acf":[],"_links":{"self":[{"href":"https:\/\/www.padoan.it\/de\/wp-json\/wp\/v2\/pages\/7408"}],"collection":[{"href":"https:\/\/www.padoan.it\/de\/wp-json\/wp\/v2\/pages"}],"about":[{"href":"https:\/\/www.padoan.it\/de\/wp-json\/wp\/v2\/types\/page"}],"author":[{"embeddable":true,"href":"https:\/\/www.padoan.it\/de\/wp-json\/wp\/v2\/users\/3"}],"replies":[{"embeddable":true,"href":"https:\/\/www.padoan.it\/de\/wp-json\/wp\/v2\/comments?post=7408"}],"version-history":[{"count":2,"href":"https:\/\/www.padoan.it\/de\/wp-json\/wp\/v2\/pages\/7408\/revisions"}],"predecessor-version":[{"id":7410,"href":"https:\/\/www.padoan.it\/de\/wp-json\/wp\/v2\/pages\/7408\/revisions\/7410"}],"wp:attachment":[{"href":"https:\/\/www.padoan.it\/de\/wp-json\/wp\/v2\/media?parent=7408"}],"curies":[{"name":"wp","href":"https:\/\/api.w.org\/{rel}","templated":true}]}}