{"id":37463,"date":"2025-12-01T15:42:23","date_gmt":"2025-12-01T14:42:23","guid":{"rendered":"http:\/\/www.padoan.it\/?page_id=37463"},"modified":"2025-12-01T15:42:23","modified_gmt":"2025-12-01T14:42:23","slug":"segmentation","status":"publish","type":"page","link":"https:\/\/www.padoan.it\/fr\/segmentation\/","title":{"rendered":"Segmentation"},"content":{"rendered":"<p>Profitez de solutions compl\u00e8tes con\u00e7ues pour r\u00e9pondre aux exigences sp\u00e9cifiques de certaines des principales applications et syst\u00e8mes.<br \/>\nLes solutions sont d\u00e9velopp\u00e9es par notre d\u00e9partement R&amp;D et compl\u00e8tent le catalogue standard des citernes Padoan.<\/p>\n","protected":false},"excerpt":{"rendered":"<p>Profitez de solutions compl\u00e8tes con\u00e7ues pour r\u00e9pondre aux exigences sp\u00e9cifiques de certaines des principales applications et syst\u00e8mes. Les solutions sont d\u00e9velopp\u00e9es par notre d\u00e9partement R&amp;D et compl\u00e8tent le catalogue standard des citernes Padoan.<\/p>\n","protected":false},"author":3,"featured_media":0,"parent":0,"menu_order":0,"comment_status":"closed","ping_status":"closed","template":"page-segmentation.php","meta":[],"acf":[],"_links":{"self":[{"href":"https:\/\/www.padoan.it\/fr\/wp-json\/wp\/v2\/pages\/37463"}],"collection":[{"href":"https:\/\/www.padoan.it\/fr\/wp-json\/wp\/v2\/pages"}],"about":[{"href":"https:\/\/www.padoan.it\/fr\/wp-json\/wp\/v2\/types\/page"}],"author":[{"embeddable":true,"href":"https:\/\/www.padoan.it\/fr\/wp-json\/wp\/v2\/users\/3"}],"replies":[{"embeddable":true,"href":"https:\/\/www.padoan.it\/fr\/wp-json\/wp\/v2\/comments?post=37463"}],"version-history":[{"count":1,"href":"https:\/\/www.padoan.it\/fr\/wp-json\/wp\/v2\/pages\/37463\/revisions"}],"predecessor-version":[{"id":37466,"href":"https:\/\/www.padoan.it\/fr\/wp-json\/wp\/v2\/pages\/37463\/revisions\/37466"}],"wp:attachment":[{"href":"https:\/\/www.padoan.it\/fr\/wp-json\/wp\/v2\/media?parent=37463"}],"curies":[{"name":"wp","href":"https:\/\/api.w.org\/{rel}","templated":true}]}}