{"id":7641,"date":"2021-10-05T17:17:13","date_gmt":"2021-10-05T15:17:13","guid":{"rendered":"http:\/\/www.padoan.it\/?page_id=7641"},"modified":"2021-10-11T10:26:36","modified_gmt":"2021-10-11T08:26:36","slug":"catalogue","status":"publish","type":"page","link":"https:\/\/www.padoan.it\/fr\/catalogue\/","title":{"rendered":"Catalogue"},"content":{"rendered":"<div class=\"row d-flex align-items-self\">\n<div class=\"col-md-12\">\n<p>Gr\u00e2ce \u00e0 l\u2019exp\u00e9rience acquise en 80 ans d\u2019activit\u00e9 sur le march\u00e9, Padoan a d\u00e9velopp\u00e9 une vaste gamme de\u00a0r\u00e9servoirs pour machines et v\u00e9hicules industriels.<br \/>\nNotre catalogue comprend diff\u00e9rents types de produits\u00a0: des r\u00e9servoirs d\u2019huile, des r\u00e9servoirs de gazole et des r\u00e9servoirs combin\u00e9s. Tous les r\u00e9servoirs destin\u00e9s aux machines et v\u00e9hicules industriels sont d\u00e9velopp\u00e9s avec des mat\u00e9riaux de premi\u00e8re qualit\u00e9\u00a0: aluminium, acier peint (rev\u00eatement \u00e0 la poudre \u00e9poxy RAL 7021) et acier inoxydable.<\/p>\n<p>Padoan propose non seulement des r\u00e9servoirs standards, mais aussi des solutions personnalis\u00e9es con\u00e7ues par son service de recherche et d\u00e9veloppement afin de r\u00e9pondre aux exigences techniques sp\u00e9cifique \u00e0 chaque application de nos clients.<\/p>\n<p>Outre les r\u00e9servoirs pour machines et v\u00e9hicules industriels, notre catalogue compte \u00e9galement divers accessoires destin\u00e9s aux r\u00e9servoirs hydrauliques et de gazole. Par exemple\u00a0:<\/p>\n<ul>\n<li><a href=\"https:\/\/www.padoan.it\/en\/macrocategory_accessory\/oil\/\" target=\"_blank\" rel=\"noopener noreferrer\"><strong>Accessoires pour r\u00e9servoirs d\u2019huile<\/strong><\/a>: filtres et bouchons, indicateurs de niveau, robinets sph\u00e9riques, raccords r\u00e9glables, raccords de tuyaux, adaptateurs et indicateurs de colmatage.<\/li>\n<li><a href=\"https:\/\/www.padoan.it\/en\/macrocategory_accessory\/diesel\/\" target=\"_blank\" rel=\"noopener noreferrer\"><strong>Accessoires pour r\u00e9servoirs de gazole\u00a0<\/strong><\/a>: bouchons verrouillables avec d\u00e9flecteur, indicateurs de niveaux g\u00e9n\u00e9raux pour de nombreux v\u00e9hicules sur le march\u00e9, indicateur pour cabine et kit de connexion.<\/li>\n<\/ul>\n<p>Si vous ne trouvez pas la solution id\u00e9ale pour vos objectifs <a href=\"https:\/\/www.padoan.it\/en\/contacts\/\" target=\"_blank\" rel=\"noopener noreferrer\">contactez-nous<\/a> afin\u00a0d\u2019obtenir des informations sur nos r\u00e9servoirs personnalis\u00e9s.\n<\/div>\n<\/div>\n","protected":false},"excerpt":{"rendered":"<p>Gr\u00e2ce \u00e0 l\u2019exp\u00e9rience acquise en 80 ans d\u2019activit\u00e9 sur le march\u00e9, Padoan a d\u00e9velopp\u00e9 une vaste gamme de\u00a0r\u00e9servoirs pour machines et v\u00e9hicules industriels. Notre catalogue comprend diff\u00e9rents types de produits\u00a0: des r\u00e9servoirs d\u2019huile, des r\u00e9servoirs de gazole et des r\u00e9servoirs combin\u00e9s. Tous les r\u00e9servoirs destin\u00e9s aux machines et v\u00e9hicules industriels sont d\u00e9velopp\u00e9s avec des mat\u00e9riaux [&hellip;]<\/p>\n","protected":false},"author":3,"featured_media":0,"parent":0,"menu_order":0,"comment_status":"closed","ping_status":"closed","template":"page-catalogue.php","meta":[],"acf":[],"_links":{"self":[{"href":"https:\/\/www.padoan.it\/fr\/wp-json\/wp\/v2\/pages\/7641"}],"collection":[{"href":"https:\/\/www.padoan.it\/fr\/wp-json\/wp\/v2\/pages"}],"about":[{"href":"https:\/\/www.padoan.it\/fr\/wp-json\/wp\/v2\/types\/page"}],"author":[{"embeddable":true,"href":"https:\/\/www.padoan.it\/fr\/wp-json\/wp\/v2\/users\/3"}],"replies":[{"embeddable":true,"href":"https:\/\/www.padoan.it\/fr\/wp-json\/wp\/v2\/comments?post=7641"}],"version-history":[{"count":3,"href":"https:\/\/www.padoan.it\/fr\/wp-json\/wp\/v2\/pages\/7641\/revisions"}],"predecessor-version":[{"id":7977,"href":"https:\/\/www.padoan.it\/fr\/wp-json\/wp\/v2\/pages\/7641\/revisions\/7977"}],"wp:attachment":[{"href":"https:\/\/www.padoan.it\/fr\/wp-json\/wp\/v2\/media?parent=7641"}],"curies":[{"name":"wp","href":"https:\/\/api.w.org\/{rel}","templated":true}]}}