{"id":5482,"date":"2020-09-24T10:48:56","date_gmt":"2020-09-24T08:48:56","guid":{"rendered":"http:\/\/www.padoan.it\/?page_id=5482"},"modified":"2020-09-24T10:51:34","modified_gmt":"2020-09-24T08:51:34","slug":"showroom-virtuale","status":"publish","type":"page","link":"https:\/\/www.padoan.it\/it\/showroom-virtuale\/","title":{"rendered":"Showroom Virtuale"},"content":{"rendered":"<h4 style=\"font-size: 3.5rem; font-weight: 600; line-height: 3.1rem; color: #EE7623; margin-bottom: 2rem !important;\">La nuova esperienza digitale.<\/h4>\n<p>Le soluzioni Padoan a vostra disposizione sulla nuova piattaforma Padoan. <strong>Ogni giorno, a ogni ora, ovunque<\/strong>.<br \/>\nIl <strong>mondo Padoan<\/strong> sar\u00e0, cos\u00ec, <strong>sempre pi\u00f9 vicino<\/strong>, per permettervi di <strong>raggiungere ancora pi\u00f9 facilmente i vostri obiettivi<\/strong>.<\/p>\n","protected":false},"excerpt":{"rendered":"<p>La nuova esperienza digitale. Le soluzioni Padoan a vostra disposizione sulla nuova piattaforma Padoan. Ogni giorno, a ogni ora, ovunque. Il mondo Padoan sar\u00e0, cos\u00ec, sempre pi\u00f9 vicino, per permettervi di raggiungere ancora pi\u00f9 facilmente i vostri obiettivi.<\/p>\n","protected":false},"author":3,"featured_media":0,"parent":0,"menu_order":0,"comment_status":"closed","ping_status":"closed","template":"page-virtual-showroom.php","meta":[],"acf":[],"_links":{"self":[{"href":"https:\/\/www.padoan.it\/it\/wp-json\/wp\/v2\/pages\/5482"}],"collection":[{"href":"https:\/\/www.padoan.it\/it\/wp-json\/wp\/v2\/pages"}],"about":[{"href":"https:\/\/www.padoan.it\/it\/wp-json\/wp\/v2\/types\/page"}],"author":[{"embeddable":true,"href":"https:\/\/www.padoan.it\/it\/wp-json\/wp\/v2\/users\/3"}],"replies":[{"embeddable":true,"href":"https:\/\/www.padoan.it\/it\/wp-json\/wp\/v2\/comments?post=5482"}],"version-history":[{"count":6,"href":"https:\/\/www.padoan.it\/it\/wp-json\/wp\/v2\/pages\/5482\/revisions"}],"predecessor-version":[{"id":5496,"href":"https:\/\/www.padoan.it\/it\/wp-json\/wp\/v2\/pages\/5482\/revisions\/5496"}],"wp:attachment":[{"href":"https:\/\/www.padoan.it\/it\/wp-json\/wp\/v2\/media?parent=5482"}],"curies":[{"name":"wp","href":"https:\/\/api.w.org\/{rel}","templated":true}]}}