{"id":5760,"date":"2020-11-03T10:51:08","date_gmt":"2020-11-03T09:51:08","guid":{"rendered":"http:\/\/www.padoan.it\/?page_id=5760"},"modified":"2020-11-03T10:51:08","modified_gmt":"2020-11-03T09:51:08","slug":"36-26-retrotelaio","status":"publish","type":"page","link":"https:\/\/www.padoan.it\/it\/soluzioni-serbatoi-olio-per-mezzi-lng-cng\/36-26-retrotelaio\/","title":{"rendered":"36\/26 &#8211; RETROTELAIO"},"content":{"rendered":"<p>Questa configurazione di serbatoio olio pu\u00f2 essere utilizzata con uno o entrambi i serbatoi.<br \/>\nIl kit di montaggio \u00e8 incluso in ogni serbatoio \u00e8 specifico per installazione lato sinistro o lato destro del telaio.<\/p>\n<p>Il serbatoio olio \u00e8 equipaggiato con:<br \/>\n&#8211; Predisposizione per valvola a sfera<br \/>\n&#8211; Connessione di aspirazione<br \/>\n&#8211; Ritorno<\/p>\n<p><strong>Kit montaggio:<\/strong><br \/>\nspecifico per montaggio lato sinistro o destro del telaio.<\/p>\n","protected":false},"excerpt":{"rendered":"<p>Questa configurazione di serbatoio olio pu\u00f2 essere utilizzata con uno o entrambi i serbatoi. Il kit di montaggio \u00e8 incluso in ogni serbatoio \u00e8 specifico per installazione lato sinistro o lato destro del telaio. Il serbatoio olio \u00e8 equipaggiato con: &#8211; Predisposizione per valvola a sfera &#8211; Connessione di aspirazione &#8211; Ritorno Kit montaggio: specifico [&hellip;]<\/p>\n","protected":false},"author":3,"featured_media":5745,"parent":5577,"menu_order":0,"comment_status":"closed","ping_status":"closed","template":"page-soluzioni-product.php","meta":[],"acf":[],"_links":{"self":[{"href":"https:\/\/www.padoan.it\/it\/wp-json\/wp\/v2\/pages\/5760"}],"collection":[{"href":"https:\/\/www.padoan.it\/it\/wp-json\/wp\/v2\/pages"}],"about":[{"href":"https:\/\/www.padoan.it\/it\/wp-json\/wp\/v2\/types\/page"}],"author":[{"embeddable":true,"href":"https:\/\/www.padoan.it\/it\/wp-json\/wp\/v2\/users\/3"}],"replies":[{"embeddable":true,"href":"https:\/\/www.padoan.it\/it\/wp-json\/wp\/v2\/comments?post=5760"}],"version-history":[{"count":1,"href":"https:\/\/www.padoan.it\/it\/wp-json\/wp\/v2\/pages\/5760\/revisions"}],"predecessor-version":[{"id":5761,"href":"https:\/\/www.padoan.it\/it\/wp-json\/wp\/v2\/pages\/5760\/revisions\/5761"}],"up":[{"embeddable":true,"href":"https:\/\/www.padoan.it\/it\/wp-json\/wp\/v2\/pages\/5577"}],"wp:featuredmedia":[{"embeddable":true,"href":"https:\/\/www.padoan.it\/it\/wp-json\/wp\/v2\/media\/5745"}],"wp:attachment":[{"href":"https:\/\/www.padoan.it\/it\/wp-json\/wp\/v2\/media?parent=5760"}],"curies":[{"name":"wp","href":"https:\/\/api.w.org\/{rel}","templated":true}]}}